{"id":17,"date":"2023-08-16T09:21:34","date_gmt":"2023-08-16T09:21:34","guid":{"rendered":"https:\/\/chiemgau-images.de\/?page_id=17"},"modified":"2023-08-17T14:21:17","modified_gmt":"2023-08-17T14:21:17","slug":"startseite","status":"publish","type":"page","link":"https:\/\/chiemgau-images.de\/","title":{"rendered":"Willkommen auf der Website Chiemgau Images!"},"content":{"rendered":"\n<p class=\"has-text-align-center has-large-font-size\"><\/p>\n\n\n<div class=\"wp-block-image\">\n<figure class=\"aligncenter size-large\"><img decoding=\"async\" loading=\"lazy\" width=\"1024\" height=\"353\" src=\"https:\/\/chiemgau-images.de\/wp-content\/uploads\/2023\/08\/NL00045-scaled-e1692281957685-1024x353.jpg\" alt=\"\" class=\"wp-image-138\" srcset=\"https:\/\/chiemgau-images.de\/wp-content\/uploads\/2023\/08\/NL00045-scaled-e1692281957685-1024x353.jpg 1024w, https:\/\/chiemgau-images.de\/wp-content\/uploads\/2023\/08\/NL00045-scaled-e1692281957685-300x103.jpg 300w, https:\/\/chiemgau-images.de\/wp-content\/uploads\/2023\/08\/NL00045-scaled-e1692281957685-768x265.jpg 768w, https:\/\/chiemgau-images.de\/wp-content\/uploads\/2023\/08\/NL00045-scaled-e1692281957685-1536x530.jpg 1536w, https:\/\/chiemgau-images.de\/wp-content\/uploads\/2023\/08\/NL00045-scaled-e1692281957685-2048x706.jpg 2048w\" sizes=\"(max-width: 1024px) 100vw, 1024px\" \/><figcaption class=\"wp-element-caption\">CI-CB1<\/figcaption><\/figure><\/div>\n\n\n<p><strong>Willkommen bei Chiemgau Images!<\/strong><br>Chiemgau Images ist im Aufbau begriffen und wird nach und nach erweitert und auch noch umgestaltet. Sie k\u00f6nnen  Bilddaten oder fertige Produkte wie Poster, Fotoleinw\u00e4nde etc. kaufen.<br>Preise (Formate, Lieferkosten etc) erhalten Sie auf Anfrage.<\/p>\n\n\n\n<p><strong>Kontakt:<\/strong><br>Bitte per Mail  &#8211; <strong>fotodesign(at)conrad-schaetz.de<\/strong>  &#8211;  mit Angabe der Bildbezeichnung, des Formats, des gew\u00fcnschten Produktes anfragen.<\/p>\n\n\n\n<p>Es lohnt sich also \u00f6fters mal hereinzuschauen.<\/p>\n\n\n\n<p>Beste Gr\u00fc\u00dfe<br>Conrad Sch\u00e4tz <\/p>\n","protected":false},"excerpt":{"rendered":"<p>Willkommen bei Chiemgau Images!Chiemgau Images ist im Aufbau begriffen und wird nach und nach erweitert und auch noch umgestaltet. Sie k\u00f6nnen Bilddaten oder fertige Produkte wie Poster, Fotoleinw\u00e4nde etc. kaufen.Preise (Formate, Lieferkosten etc) erhalten Sie auf Anfrage. Kontakt:Bitte per Mail&#8230; <a href=\"https:\/\/chiemgau-images.de\/\" class=\"read-more\">Read More<\/a><\/p>\n","protected":false},"author":1,"featured_media":0,"parent":0,"menu_order":0,"comment_status":"closed","ping_status":"closed","template":"","meta":{"footnotes":""},"_links":{"self":[{"href":"https:\/\/chiemgau-images.de\/index.php?rest_route=\/wp\/v2\/pages\/17"}],"collection":[{"href":"https:\/\/chiemgau-images.de\/index.php?rest_route=\/wp\/v2\/pages"}],"about":[{"href":"https:\/\/chiemgau-images.de\/index.php?rest_route=\/wp\/v2\/types\/page"}],"author":[{"embeddable":true,"href":"https:\/\/chiemgau-images.de\/index.php?rest_route=\/wp\/v2\/users\/1"}],"replies":[{"embeddable":true,"href":"https:\/\/chiemgau-images.de\/index.php?rest_route=%2Fwp%2Fv2%2Fcomments&post=17"}],"version-history":[{"count":18,"href":"https:\/\/chiemgau-images.de\/index.php?rest_route=\/wp\/v2\/pages\/17\/revisions"}],"predecessor-version":[{"id":208,"href":"https:\/\/chiemgau-images.de\/index.php?rest_route=\/wp\/v2\/pages\/17\/revisions\/208"}],"wp:attachment":[{"href":"https:\/\/chiemgau-images.de\/index.php?rest_route=%2Fwp%2Fv2%2Fmedia&parent=17"}],"curies":[{"name":"wp","href":"https:\/\/api.w.org\/{rel}","templated":true}]}}